{"id":94445,"date":"2025-03-27T13:21:49","date_gmt":"2025-03-27T12:21:49","guid":{"rendered":"https:\/\/dmc-pose.fr\/?page_id=94445"},"modified":"2025-04-14T10:12:35","modified_gmt":"2025-04-14T08:12:35","slug":"mentions-legales-2","status":"publish","type":"page","link":"https:\/\/dmc-pose.fr\/index.php\/mentions-legales-2\/","title":{"rendered":"Mentions l\u00e9gales 2"},"content":{"rendered":"\t\t<div data-elementor-type=\"wp-page\" data-elementor-id=\"94445\" class=\"elementor elementor-94445\" data-elementor-post-type=\"page\">\n\t\t\t\t<div class=\"elementor-element elementor-element-72007d3 e-flex e-con-boxed e-con e-parent\" data-id=\"72007d3\" data-element_type=\"container\">\n\t\t\t\t\t<div class=\"e-con-inner\">\n\t\t\t\t<div class=\"elementor-element elementor-element-dce294f elementor-widget elementor-widget-image\" data-id=\"dce294f\" data-element_type=\"widget\" data-widget_type=\"image.default\">\n\t\t\t\t<div class=\"elementor-widget-container\">\n\t\t\t\t\t\t\t\t\t\t\t\t\t\t\t<img decoding=\"async\" width=\"283\" height=\"155\" src=\"https:\/\/dmc-pose.fr\/wp-content\/uploads\/2020\/11\/Logo-dmc-pose-et-fournitures-menuiserie.svg\" class=\"attachment-full size-full wp-image-94289\" alt=\"\" \/>\t\t\t\t\t\t\t\t\t\t\t\t\t\t\t<\/div>\n\t\t\t\t<\/div>\n\t\t\t\t<div class=\"elementor-element elementor-element-d6de7aa elementor-widget elementor-widget-text-editor\" data-id=\"d6de7aa\" data-element_type=\"widget\" data-widget_type=\"text-editor.default\">\n\t\t\t\t<div class=\"elementor-widget-container\">\n\t\t\t\t\t\t\t\t\t<p>En vertu de l\u2019article 6 de la loi n\u00b02004-575 du 21 juin 2004 pour la confiance dans l\u2019\u00e9conomie num\u00e9rique, il est pr\u00e9cis\u00e9 aux utilisateurs du site Internet\u00a0<strong>\u00a0<\/strong>l\u2019identit\u00e9 des diff\u00e9rents intervenants dans le cadre de sa r\u00e9alisation et de son suivi :<\/p><p>\u2022 \u00c9diteur : <b>SARL DMC POSE<\/b><br \/>\u2022 SIREN <strong>798 067 567<\/strong><br \/>\u2022 Responsable de publication :\u00a0<strong>M. Micka\u00ebl Colombo<\/strong> \u2013 <strong>dmcpose[@]outlook.fr<\/strong><br \/>\u2022 D\u00e9l\u00e9gu\u00e9 \u00e0 la protection des donn\u00e9es : <strong>M. Micka\u00ebl Colombo<\/strong><\/p><p>\u2022\u00a0<a href=\"https:\/\/chimere-agence.com\/\">Webmaster : agence Chim\u00e8re<\/a>\u00a0\u2013 423, chemin du ch\u00e2teau, 38490 Chimilin<\/p><p>\u2022 H\u00e9bergeur : OVH \u2013 2 rue Kellermann 59100 Roubaix<\/p>\t\t\t\t\t\t\t\t<\/div>\n\t\t\t\t<\/div>\n\t\t\t\t\t<\/div>\n\t\t\t\t<\/div>\n\t\t\t\t<\/div>\n\t\t","protected":false},"excerpt":{"rendered":"<p>En vertu de l\u2019article 6 de la loi n\u00b02004-575 du 21 juin 2004 pour la confiance dans l\u2019\u00e9conomie num\u00e9rique, il est pr\u00e9cis\u00e9 aux utilisateurs du site Internet\u00a0\u00a0l\u2019identit\u00e9 des diff\u00e9rents intervenants dans le cadre de sa r\u00e9alisation et de son suivi : \u2022 \u00c9diteur : SARL DMC POSE\u2022 SIREN 798 067 567\u2022 Responsable de publication :\u00a0M.&hellip;<\/p>\n","protected":false},"author":1,"featured_media":0,"parent":0,"menu_order":0,"comment_status":"closed","ping_status":"closed","template":"elementor_header_footer","meta":{"footnotes":""},"class_list":["post-94445","page","type-page","status-publish","hentry"],"_links":{"self":[{"href":"https:\/\/dmc-pose.fr\/index.php\/wp-json\/wp\/v2\/pages\/94445","targetHints":{"allow":["GET"]}}],"collection":[{"href":"https:\/\/dmc-pose.fr\/index.php\/wp-json\/wp\/v2\/pages"}],"about":[{"href":"https:\/\/dmc-pose.fr\/index.php\/wp-json\/wp\/v2\/types\/page"}],"author":[{"embeddable":true,"href":"https:\/\/dmc-pose.fr\/index.php\/wp-json\/wp\/v2\/users\/1"}],"replies":[{"embeddable":true,"href":"https:\/\/dmc-pose.fr\/index.php\/wp-json\/wp\/v2\/comments?post=94445"}],"version-history":[{"count":4,"href":"https:\/\/dmc-pose.fr\/index.php\/wp-json\/wp\/v2\/pages\/94445\/revisions"}],"predecessor-version":[{"id":94449,"href":"https:\/\/dmc-pose.fr\/index.php\/wp-json\/wp\/v2\/pages\/94445\/revisions\/94449"}],"wp:attachment":[{"href":"https:\/\/dmc-pose.fr\/index.php\/wp-json\/wp\/v2\/media?parent=94445"}],"curies":[{"name":"wp","href":"https:\/\/api.w.org\/{rel}","templated":true}]}}